{"id":2,"date":"2020-07-29T07:13:25","date_gmt":"2020-07-29T07:13:25","guid":{"rendered":"https:\/\/taxi-jelczlaskowice.pl\/?page_id=2"},"modified":"2021-02-11T08:30:53","modified_gmt":"2021-02-11T08:30:53","slug":"taxi-jelcz-laskowice-3","status":"publish","type":"page","link":"https:\/\/taxi-jelczlaskowice.pl\/","title":{"rendered":"Jelcz-Laskowice"},"content":{"rendered":"<p>[vc_row][vc_column width=&#8221;1\/2&#8243;][vc_single_image image=&#8221;21&#8243; img_size=&#8221;full&#8221; alignment=&#8221;center&#8221; css_animation=&#8221;fadeInRight&#8221; lazy_loading=&#8221;true&#8221;][\/vc_column][vc_column width=&#8221;1\/2&#8243;][vc_column_text]<\/p>\r\n\r\n<h4 class=\"uk-text-center uk-text-black\">Taxi 14 Jelcz-Laskowice &#8211; Krzysztof Tomala oferuje us\u0142ugi w zakresie transportu:<\/h4>\r\n<ul>\r\n<li>os\u00f3b<\/li>\r\n<li>baga\u017cy<\/li>\r\n<li>odwo\u017cenie auta klienta<\/li>\r\n<li>us\u0142ugi kurierskie<\/li>\r\n<li>transport z i na lotnisko<\/li>\r\n<li>dow\u00f3z do i od lekarza<\/li>\r\n<\/ul>\r\n<p>Wieloletnie do\u015bwiadczenie i profesjonalizm gwarantuj\u0105 jako\u015b\u0107 moich us\u0142ug, dzi\u0119ki kt\u00f3rym ka\u017cdy nawet najbardziej wymagaj\u0105cy klient b\u0119dzie w pe\u0142ni usatysfakcjonowany. Konkurencyjne ceny i niezawodno\u015b\u0107 potwierdzona sta\u0142a wsp\u00f3\u0142praca z firmami z terenu Jelcza-Laskowice. Dodatkowym atutem jest znajomo\u015b\u0107 j\u0119zyka niemieckiego.<\/p>\r\n<p>[\/vc_column_text][\/vc_column][\/vc_row][vc_row full_width=&#8221;stretch_row&#8221; content_placement=&#8221;middle&#8221; css=&#8221;.vc_custom_1601294159246{background-color: #000000 !important;}&#8221;][vc_column width=&#8221;1\/2&#8243;][vc_text_separator title=&#8221;Zapytaj o ofert\u0119&#8221; color=&#8221;custom&#8221; style=&#8221;double&#8221; css_animation=&#8221;fadeIn&#8221; accent_color=&#8221;#eeee22&#8243;]\n<div class=\"wpcf7 no-js\" id=\"wpcf7-f49-o1\" lang=\"pl-PL\" dir=\"ltr\" data-wpcf7-id=\"49\">\n<div class=\"screen-reader-response\"><p role=\"status\" aria-live=\"polite\" aria-atomic=\"true\"><\/p> <ul><\/ul><\/div>\n<form action=\"\/index.php\/wp-json\/wp\/v2\/pages\/2#wpcf7-f49-o1\" method=\"post\" class=\"wpcf7-form init\" aria-label=\"Formularz kontaktowy\" novalidate=\"novalidate\" data-status=\"init\">\n<div style=\"display: none;\">\n<input type=\"hidden\" name=\"_wpcf7\" value=\"49\" \/>\n<input type=\"hidden\" name=\"_wpcf7_version\" value=\"6.0.1\" \/>\n<input type=\"hidden\" name=\"_wpcf7_locale\" value=\"pl_PL\" \/>\n<input type=\"hidden\" name=\"_wpcf7_unit_tag\" value=\"wpcf7-f49-o1\" \/>\n<input type=\"hidden\" name=\"_wpcf7_container_post\" value=\"0\" \/>\n<input type=\"hidden\" name=\"_wpcf7_posted_data_hash\" value=\"\" \/>\n<\/div>\n<p><label> Imi\u0119 i nazwisko (wymagane)<br \/>\n<span class=\"wpcf7-form-control-wrap\" data-name=\"your-name\"><input size=\"40\" maxlength=\"400\" class=\"wpcf7-form-control wpcf7-text wpcf7-validates-as-required\" aria-required=\"true\" aria-invalid=\"false\" value=\"\" type=\"text\" name=\"your-name\" \/><\/span> <\/label>\n<\/p>\n<p><label> Tw\u00f3j email (wymagane)<br \/>\n<span class=\"wpcf7-form-control-wrap\" data-name=\"your-email\"><input size=\"40\" maxlength=\"400\" class=\"wpcf7-form-control wpcf7-email wpcf7-validates-as-required wpcf7-text wpcf7-validates-as-email\" aria-required=\"true\" aria-invalid=\"false\" value=\"\" type=\"email\" name=\"your-email\" \/><\/span> <\/label>\n<\/p>\n<p><label> Temat<br \/>\n<span class=\"wpcf7-form-control-wrap\" data-name=\"your-subject\"><input size=\"40\" maxlength=\"400\" class=\"wpcf7-form-control wpcf7-text\" aria-invalid=\"false\" value=\"\" type=\"text\" name=\"your-subject\" \/><\/span> <\/label>\n<\/p>\n<p><label> Tre\u015b\u0107 wiadomo\u015bci<br \/>\n<span class=\"wpcf7-form-control-wrap\" data-name=\"your-message\"><textarea cols=\"40\" rows=\"10\" maxlength=\"2000\" class=\"wpcf7-form-control wpcf7-textarea\" aria-invalid=\"false\" name=\"your-message\"><\/textarea><\/span> <\/label>\n<\/p>\n<p><input class=\"wpcf7-form-control wpcf7-submit has-spinner\" type=\"submit\" value=\"Wy\u015blij\" \/>\n<\/p><div class=\"wpcf7-response-output\" aria-hidden=\"true\"><\/div>\n<\/form>\n<\/div>\n[\/vc_column][vc_column width=&#8221;1\/2&#8243;][vc_column_text]<\/p>\r\n<h4 class=\"text-center uk-text-black\" style=\"text-align: center;\"><span style=\"color: #ffffff;\">Zapraszam do sta\u0142ej wsp\u00f3\u0142pracy zar\u00f3wno klient\u00f3w indywidualnych jak i firmy oraz instytucje.<\/span><\/h4>\r\n<h2 style=\"text-align: center;\"><span style=\"color: #ffffff;\">Znajomo\u015b\u0107 j\u0119zyka niemieckiego<\/span><\/h2>\r\n<h2 style=\"text-align: center;\"><span style=\"color: #ffffff;\">Mo\u017cliwo\u015b\u0107 p\u0142atno\u015bci kartami p\u0142atniczymi<\/span><\/h2>\r\n<p>[\/vc_column_text][\/vc_column][\/vc_row]<\/p>","protected":false},"excerpt":{"rendered":"<p>[vc_row][vc_column width=&#8221;1\/2&#8243;][vc_single_image image=&#8221;21&#8243; img_size=&#8221;full&#8221; alignment=&#8221;center&#8221; css_animation=&#8221;fadeInRight&#8221; lazy_loading=&#8221;true&#8221;][\/vc_column][vc_column width=&#8221;1\/2&#8243;][vc_column_text] Taxi 14 Jelcz-Laskowice &#8211; Krzysztof Tomala oferuje us\u0142ugi w zakresie transportu: os\u00f3b baga\u017cy odwo\u017cenie auta klienta us\u0142ugi kurierskie transport z i na lotnisko dow\u00f3z do i od lekarza Wieloletnie do\u015bwiadczenie i profesjonalizm gwarantuj\u0105 jako\u015b\u0107 moich us\u0142ug, dzi\u0119ki kt\u00f3rym ka\u017cdy nawet najbardziej wymagaj\u0105cy klient b\u0119dzie w pe\u0142ni usatysfakcjonowany.&hellip;<\/p>\n","protected":false},"author":1,"featured_media":0,"parent":0,"menu_order":0,"comment_status":"closed","ping_status":"closed","template":"","meta":[],"class_list":["post-2","page","type-page","status-publish","hentry","description-off"],"yoast_head":"<!-- This site is optimized with the Yoast SEO plugin v15.8 - https:\/\/yoast.com\/wordpress\/plugins\/seo\/ -->\n<title>Jelcz-Laskowice - Taxi 14 | 722 260 702 Krzysztof Tomala | TAXI Jelcz-Laskowice<\/title>\n<meta name=\"description\" content=\"Taxi Jelcz-Laskowicenr.14 Krzysztof Tomala | tel. 722 260 702. Obs\u0142uga firm. P\u0142atno\u015bci kart\u0105. Znajomo\u015b\u0107 j\u0119zyka niemieckiego.\" \/>\n<meta name=\"robots\" content=\"index, follow, max-snippet:-1, max-image-preview:large, max-video-preview:-1\" \/>\n<link rel=\"canonical\" href=\"https:\/\/taxi-jelczlaskowice.pl\/\" \/>\n<meta property=\"og:locale\" content=\"pl_PL\" \/>\n<meta property=\"og:type\" content=\"article\" \/>\n<meta property=\"og:title\" content=\"Jelcz-Laskowice - Taxi 14 | 722 260 702 Krzysztof Tomala | TAXI Jelcz-Laskowice\" \/>\n<meta property=\"og:description\" content=\"Taxi Jelcz-Laskowicenr.14 Krzysztof Tomala | tel. 722 260 702. Obs\u0142uga firm. P\u0142atno\u015bci kart\u0105. Znajomo\u015b\u0107 j\u0119zyka niemieckiego.\" \/>\n<meta property=\"og:url\" content=\"https:\/\/taxi-jelczlaskowice.pl\/\" \/>\n<meta property=\"og:site_name\" content=\"Taxi 14 | 722 260 702 Krzysztof Tomala | TAXI Jelcz-Laskowice\" \/>\n<meta property=\"article:modified_time\" content=\"2021-02-11T08:30:53+00:00\" \/>\n<meta name=\"twitter:card\" content=\"summary_large_image\" \/>\n<meta name=\"twitter:label1\" content=\"Est. reading time\">\n\t<meta name=\"twitter:data1\" content=\"1 minuta\">\n<script type=\"application\/ld+json\" class=\"yoast-schema-graph\">{\"@context\":\"https:\/\/schema.org\",\"@graph\":[{\"@type\":\"WebSite\",\"@id\":\"https:\/\/taxi-jelczlaskowice.pl\/#website\",\"url\":\"https:\/\/taxi-jelczlaskowice.pl\/\",\"name\":\"Taxi 14 | 722 260 702 Krzysztof Tomala | TAXI Jelcz-Laskowice\",\"description\":\"Taxi 14 w Jelczu-Laskowicach. Najta\\u0144sza i najlepsza taks&oacute;wka Jelcz-Laskowice. Potrzebujesz pewnego transportu dla siebie lub znajomych - wystraczy zadzwoni\\u0107 i um&oacute;wi\\u0107 kurs. Dla sta\\u0142ych klient&oacute;w mo\\u017cliwo\\u015b\\u0107 negcjacji cen. Mo\\u017cliwo\\u015b\\u0107 sta\\u0142ej wsp&oacute;\\u0142pracy dla firm, przedsi\\u0119biorstw i urz\\u0119d&oacute;w. Zapraszamy do kontaktu: tel. 722 260 702\",\"potentialAction\":[{\"@type\":\"SearchAction\",\"target\":\"https:\/\/taxi-jelczlaskowice.pl\/?s={search_term_string}\",\"query-input\":\"required name=search_term_string\"}],\"inLanguage\":\"pl-PL\"},{\"@type\":\"WebPage\",\"@id\":\"https:\/\/taxi-jelczlaskowice.pl\/#webpage\",\"url\":\"https:\/\/taxi-jelczlaskowice.pl\/\",\"name\":\"Jelcz-Laskowice - Taxi 14 | 722 260 702 Krzysztof Tomala | TAXI Jelcz-Laskowice\",\"isPartOf\":{\"@id\":\"https:\/\/taxi-jelczlaskowice.pl\/#website\"},\"datePublished\":\"2020-07-29T07:13:25+00:00\",\"dateModified\":\"2021-02-11T08:30:53+00:00\",\"description\":\"Taxi Jelcz-Laskowicenr.14 Krzysztof Tomala | tel. 722 260 702. Obs\\u0142uga firm. P\\u0142atno\\u015bci kart\\u0105. Znajomo\\u015b\\u0107 j\\u0119zyka niemieckiego.\",\"breadcrumb\":{\"@id\":\"https:\/\/taxi-jelczlaskowice.pl\/#breadcrumb\"},\"inLanguage\":\"pl-PL\",\"potentialAction\":[{\"@type\":\"ReadAction\",\"target\":[\"https:\/\/taxi-jelczlaskowice.pl\/\"]}]},{\"@type\":\"BreadcrumbList\",\"@id\":\"https:\/\/taxi-jelczlaskowice.pl\/#breadcrumb\",\"itemListElement\":[{\"@type\":\"ListItem\",\"position\":1,\"item\":{\"@type\":\"WebPage\",\"@id\":\"https:\/\/taxi-jelczlaskowice.pl\/\",\"url\":\"https:\/\/taxi-jelczlaskowice.pl\/\",\"name\":\"Strona g\\u0142\\u00f3wna\"}},{\"@type\":\"ListItem\",\"position\":2,\"item\":{\"@type\":\"WebPage\",\"@id\":\"https:\/\/taxi-jelczlaskowice.pl\/\",\"url\":\"https:\/\/taxi-jelczlaskowice.pl\/\",\"name\":\"Jelcz-Laskowice\"}}]}]}<\/script>\n<!-- \/ Yoast SEO plugin. -->","_links":{"self":[{"href":"https:\/\/taxi-jelczlaskowice.pl\/index.php\/wp-json\/wp\/v2\/pages\/2","targetHints":{"allow":["GET"]}}],"collection":[{"href":"https:\/\/taxi-jelczlaskowice.pl\/index.php\/wp-json\/wp\/v2\/pages"}],"about":[{"href":"https:\/\/taxi-jelczlaskowice.pl\/index.php\/wp-json\/wp\/v2\/types\/page"}],"author":[{"embeddable":true,"href":"https:\/\/taxi-jelczlaskowice.pl\/index.php\/wp-json\/wp\/v2\/users\/1"}],"replies":[{"embeddable":true,"href":"https:\/\/taxi-jelczlaskowice.pl\/index.php\/wp-json\/wp\/v2\/comments?post=2"}],"version-history":[{"count":22,"href":"https:\/\/taxi-jelczlaskowice.pl\/index.php\/wp-json\/wp\/v2\/pages\/2\/revisions"}],"predecessor-version":[{"id":19,"href":"https:\/\/taxi-jelczlaskowice.pl\/index.php\/wp-json\/wp\/v2\/pages\/2\/revisions\/19"}],"wp:attachment":[{"href":"https:\/\/taxi-jelczlaskowice.pl\/index.php\/wp-json\/wp\/v2\/media?parent=2"}],"curies":[{"name":"wp","href":"https:\/\/api.w.org\/{rel}","templated":true}]}}